{"id":473,"date":"2019-08-13T21:24:17","date_gmt":"2019-08-13T20:24:17","guid":{"rendered":"https:\/\/show.kecb.ch\/?page_id=473"},"modified":"2025-01-31T20:48:15","modified_gmt":"2025-01-31T19:48:15","slug":"besucher","status":"publish","type":"page","link":"https:\/\/show.kecb.ch\/index.php\/besucher\/","title":{"rendered":"Besucher"},"content":{"rendered":"\t\t<div data-elementor-type=\"wp-page\" data-elementor-id=\"473\" class=\"elementor elementor-473\">\n\t\t\t\t<div class=\"elementor-element elementor-element-6f7a10a7 e-flex e-con-boxed e-con e-parent\" data-id=\"6f7a10a7\" data-element_type=\"container\" data-e-type=\"container\">\n\t\t\t\t\t<div class=\"e-con-inner\">\n\t\t\t\t<div class=\"elementor-element elementor-element-5276a64e elementor-widget elementor-widget-text-editor\" data-id=\"5276a64e\" data-element_type=\"widget\" data-e-type=\"widget\" data-widget_type=\"text-editor.default\">\n\t\t\t\t<div class=\"elementor-widget-container\">\n\t\t\t\t\t\t\t\t\t<div data-colibri-id=\"473-c1\" class=\"style-678 style-local-473-c1 position-relative\">\n  <!----><p><\/p>\n<div data-colibri-component=\"section\" data-colibri-id=\"473-c2\" id=\"initial-content\" class=\"h-section h-section-global-spacing d-flex align-items-lg-center align-items-md-center align-items-center style-679 style-local-473-c2 position-relative\">\n    <!----><br>    <!----><p><\/p>\n<div class=\"h-section-grid-container h-section-boxed-container\">\n      <!----><p><\/p>\n<div data-colibri-id=\"473-c3\" class=\"h-row-container gutters-row-lg-2 gutters-row-md-2 gutters-row-0 gutters-row-v-lg-2 gutters-row-v-md-2 gutters-row-v-2 style-680 style-local-473-c3 position-relative\">\n        <!----><p><\/p>\n<div class=\"h-row justify-content-lg-center justify-content-md-center justify-content-center align-items-lg-stretch align-items-md-stretch align-items-stretch gutters-col-lg-2 gutters-col-md-2 gutters-col-0 gutters-col-v-lg-2 gutters-col-v-md-2 gutters-col-v-2\">\n          <!----><p><\/p>\n<div class=\"h-column h-column-container d-flex h-col-lg-auto h-col-md-auto h-col-auto style-681-outer style-local-473-c4-outer\">\n<div data-colibri-id=\"473-c4\" class=\"d-flex h-flex-basis h-column__inner h-px-lg-2 h-px-md-2 h-px-2 v-inner-lg-2 v-inner-md-2 v-inner-2 style-681 style-local-473-c4 position-relative\">\n              <!----><br>              <!----><p><\/p>\n<div class=\"w-100 h-y-container h-column__content h-column__v-align flex-basis-100 align-self-lg-start align-self-md-start align-self-start\">\n                <!----><p><\/p>\n<div data-colibri-id=\"473-c5\" class=\"style-682 style-local-473-c5 position-relative h-element\">\n                  <!----><p><\/p>\n<div>\n<div id=\"overlappable-1\" class=\"overlappable-3 content-section content-section-spacing\" style=\"background-color: #ffffff;\" data-label=\"Overlappable\" data-id=\"overlappable--1\" data-export-id=\"overlappable-3\" data-category=\"overlappable\" data-overlap=\"true\">\n<div class=\"gridContainer\">\n<div class=\"row bg-color-white shadow-medium\">\n<div class=\"col-xs-12 col-sm-6 image-col first-image-col\" style=\"background-image: url('https:\/\/show.kecb.ch\/wp-content\/uploads\/2019\/08\/cropped-schwarzen-hintergrund-mit-dem-gesicht-von-einer-schwarzen-katze-mit-gelbe-augen-1-1.jpg');\" data-bg=\"image\"><\/div>\n<div class=\"col-xs-12 col-sm-6 content-col col-padding col-padding-xs\">\n<div class=\"col-padding\" data-type=\"column\">\n<h4><strong>Gesch\u00e4tzte Besucher<\/strong><\/h4>\n<p>                              <a href=\"https:\/\/kecb.ch\/\" target=\"_blank\" rel=\"noopener\">Der Katzen- und Edelkatzenclub Bern<\/a> ist wieder in Burgdorf in der Markthalle zu Gast. An unserer Internationalen Katzenausstellung vom 11.\/12. Oktober 2025 erwarten Sie Katzen verschiedenster Rassen.<\/p>\n<\/div>\n<\/div>\n<\/div>\n<div class=\"row bg-color-white shadow-medium\">\n<div class=\"col-xs-12 col-sm-6 content-col col-padding col-padding-xs\">\n<div class=\"col-padding\" data-type=\"column\">\n<h4 class=\"\"><strong>Sie haben schon eine Katze?<\/strong><\/h4>\n<p class=\"\">Wunderbar!<\/p>\n<p>                              Eine Vielzahl von Verkaufsst\u00e4nden bieten Dies und Das f\u00fcr Ihren Liebling an. Vom kleinen Fellm\u00e4uschen bis zum grossen Kratzbaum finden Sie alles in der Markthalle<\/p>\n<h4><strong>\u00d6ffnungszeiten:<\/strong><\/h4>\n<\/div>\n<\/div>\n<\/div>\n<\/div>\n<\/div>\n<div id=\"overlappable-2\" class=\"overlappable-3 content-section content-section-spacing\" style=\"background-color: #ffffff;\" data-label=\"Overlappable\" data-id=\"overlappable--2\" data-export-id=\"overlappable-3\" data-category=\"overlappable\" data-overlap=\"true\">\n<div class=\"gridContainer\">\n<div class=\"row bg-color-white shadow-medium\">\n<div class=\"col-xs-12 col-sm-6 content-col col-padding col-padding-xs\">\n<div class=\"col-padding\" data-type=\"column\">\n<p class=\"\">Samstag und Sonntag von 10:00 \u2013 18:00 Uhr<\/p>\n<h4><strong>Eintrittspreise:<\/strong><\/h4>\n<p>                              Fr. 9.- Erwachsene Fr. 5.- AHV Fr. 5.- Kinder 10 \u2013 18 Jahre Kinder bis 10 Jahre gratis<\/p>\n<h4><strong>Tierschutz:<\/strong><\/h4>\n<p>                              Wir sind auch an dieser Ausstellung be\u00adm\u00fcht, die in der &#8222;Fachinformation Nr. 18.3&#8220; des Bundesamt f\u00fcr Lebensmittelsicherheit und Vet\u00ader\u00adin\u00e4r\u00adwesen BLV beschriebenen Auflagen zu be\u00adfol\u00adgen. Dies bedingt, dass die K\u00e4fige teilweise ab\u00adge\u00addeckt sind um den<br>                              Katzen eine R\u00fcck\u00adzugs\u00adm\u00f6g\u00adlich\u00adkeit zu bieten. Dadurch kann es sein, dass Sie im einen oder an\u00adder\u00aden K\u00e4fig vielleicht keine Katze sehen k\u00f6nnen. Sollten Sie aber genau an diesem Tier interessiert sein, dann Fragen Sie doch<br>                              einfach den Aussteller der entsprechenden Katze ob er Ihnen diese nicht zeigen kann. Wir bitten Sie um Verst\u00e4ndnis und w\u00fcnschen Ihnen viel Vergn\u00fcgen mit den vielen sch\u00f6nen Katzen.<\/p>\n<\/div>\n<\/div>\n<\/div>\n<div class=\"row bg-color-white shadow-medium\">\n<div class=\"col-xs-12 col-sm-6 content-col col-padding col-padding-xs\">\n<div class=\"col-padding\" data-type=\"column\">\n<h4><strong>Markthalle Burgdorf:<\/strong><\/h4>\n<p>                              Die Markthalle Burgdorf ist sehr verkehrsg\u00fcnstig gelegen.<\/p>\n<h4><strong>Auto:<\/strong><\/h4>\n<p>                              Burgdorf liegt verkehrstechnisch sehr gut an der A1 gelegen. In Burgdorf weisen Sie Schilder in Richtung Markthalle.<\/p>\n<div id=\"initial-content-section\" class=\"content-section content-section-spacing\" data-id=\"initial-content-section\" data-export-id=\"initial-content-section\" data-label=\"Initial Content\">\n<div class=\"gridContainer\">\n<div class=\"row\">\n<div class=\"col-xs-12 col-sm-12\">\n<p>                                      <iframe style=\"border: 0;\" src=\"https:\/\/www.google.com\/maps\/embed?pb=!1m17!1m8!1m3!1d936.1707128971257!2d7.631309999999999!3d47.054799!3m2!1i1024!2i768!4f13.1!4m6!3e0!4m0!4m3!3m2!1d47.0543402!2d7.630475799999999!5e1!3m2!1sde!2sch!4v1565210453732!5m2!1sde!2sch\" width=\"600\" height=\"450\" frameborder=\"0\" allowfullscreen=\"allowfullscreen\"><\/iframe><\/p>\n<h4><strong>\u00d6ffentlicher Verkehr:<\/strong><\/h4>\n<p>                                      Mit dem \u00d6V bis Haltestelle \u201cBurgdorf Hallenbad\u201d<\/p>\n<p>                                      <a class=\"\" style=\"background-color: #f5fafd;\" href=\"https:\/\/www.sbb.ch\/de\/kaufen\/pages\/fahrplan\/fahrplan.xhtml?nach=3400%2BBurgdorf%2C%2BHallenbad\" target=\"_blank\" rel=\"noopener noreferrer\" data-cp-link=\"1\">German: SBB Fahrplan, bitte hier klicken<\/a><\/p>\n<\/div>\n<div id=\"features-1\" class=\"features-12-card-bordered-colored content-section content-section-spacing \" style=\"background-color: #f5fafd;\" data-label=\"Features\" data-id=\"features--1\" data-export-id=\"features-12-card-bordered-colored\" data-category=\"features\">\n<div class=\"gridContainer\">\n<div class=\"row spaced-cols\" data-type=\"row\">\n<div class=\"col-xs-12 col-sm-6\">\n<div class=\"card row-card bottom-border-color2\">\n<div class=\"row\">\n<div class=\"col-sm-fit icon-column\">\n<p>                                                  <a class=\"\" href=\"https:\/\/www.sbb.ch\/fr\/acheter\/pages\/fahrplan\/fahrplan.xhtml?nach=3400%2BBurgdorf%2C%2BHallenbad\" target=\"_blank\" rel=\"noopener noreferrer\" data-cp-link=\"1\">French: Horaire CFF, cliquez ici svp<\/a><\/p>\n<\/div>\n<\/div>\n<\/div>\n<\/div>\n<div class=\"col-xs-12 col-sm-6\">\n<div class=\"card row-card bottom-border-color2\">\n<div class=\"row\">\n<div class=\"col-sm-fit icon-column\">\n<p>                                                  <a class=\"\" href=\"https:\/\/www.sbb.ch\/it\/acquistare\/pages\/fahrplan\/fahrplan.xhtml?nach=3400%2BBurgdorf%2C%2BHallenbad\" target=\"_blank\" rel=\"noopener noreferrer\" data-cp-link=\"1\">Italian: Orario FFS, per favore cliccare qui<\/a><\/p>\n<\/div>\n<\/div>\n<\/div>\n<\/div>\n<div class=\"col-xs-12 col-sm-6\">\n<div class=\"card row-card bottom-border-color2\">\n<div class=\"row\">\n<div class=\"col-sm-fit icon-column\">\n                                                  <a class=\"\" href=\"https:\/\/www.sbb.ch\/en\/buying\/pages\/fahrplan\/fahrplan.xhtml?nach=3400%2BBurgdorf%2C%2BHallenbad\" target=\"_blank\" rel=\"noopener noreferrer\" data-cp-link=\"1\">English: SBB Timetable, please click here<\/a>\n                                                <\/div>\n<\/div>\n<\/div>\n<\/div>\n<\/div>\n<\/div>\n<\/div>\n<\/div>\n<\/div>\n<\/div>\n<\/div>\n<\/div>\n<\/div>\n<\/div>\n<\/div>\n<\/div>\n<\/div>\n<\/div>\n<\/div>\n<\/div>\n<\/div>\n<\/div>\n<\/div>\n<\/div>\n<div data-colibri-component=\"section\" data-colibri-id=\"473-c6\" id=\"custom\" class=\"h-section h-section-global-spacing d-flex align-items-lg-center align-items-md-center align-items-center style-683 style-local-473-c6 position-relative\">\n    <!----><br>    <!----><p><\/p>\n<div class=\"h-section-grid-container h-section-boxed-container\">\n      <!----><p><\/p>\n<div data-colibri-id=\"473-c7\" class=\"h-row-container gutters-row-lg-2 gutters-row-md-2 gutters-row-0 gutters-row-v-lg-2 gutters-row-v-md-2 gutters-row-v-2 style-684 style-local-473-c7 position-relative\">\n        <!----><p><\/p>\n<div class=\"h-row justify-content-lg-center justify-content-md-center justify-content-center align-items-lg-stretch align-items-md-stretch align-items-stretch gutters-col-lg-2 gutters-col-md-2 gutters-col-0 gutters-col-v-lg-2 gutters-col-v-md-2 gutters-col-v-2\">\n          <!----><p><\/p>\n<div class=\"h-column h-column-container d-flex h-col-lg-auto h-col-md-auto h-col-auto style-685-outer style-local-473-c8-outer\">\n<div data-colibri-id=\"473-c8\" class=\"d-flex h-flex-basis h-column__inner h-px-lg-2 h-px-md-2 h-px-2 v-inner-lg-2 v-inner-md-2 v-inner-2 style-685 style-local-473-c8 position-relative\">\n              <!----><br>              <!----><p><\/p>\n<div class=\"w-100 h-y-container h-column__content h-column__v-align flex-basis-100 align-self-lg-start align-self-md-start align-self-start\">\n                <!----><p><\/p>\n<div data-colibri-id=\"473-c9\" class=\"d-block style-736 style-local-473-c9 position-relative h-element\">\n                  <!----><p><\/p>\n<div class=\"h-image__frame-container-outer\">\n                    <a href=\"https:\/\/show.kecb.ch\/wp-content\/uploads\/2024\/04\/Flyer-Besucher.pdf\" h-use-smooth-scroll=\"true\" class=\"image-link\"><p><\/p>\n<div class=\"h-image__frame-container\">\n                        <!----><br>                        <!----><br><br><p><\/p>\n<div class=\"h-image__frame h-hide-lg h-hide-md h-hide-sm style-736-frameImage style-local-473-c9-frameImage\"><\/div>\n<\/div>\n<\/a><p><a href=\"https:\/\/show.kecb.ch\/wp-content\/uploads\/2024\/04\/Flyer-Besucher.pdf\" h-use-smooth-scroll=\"true\" class=\"image-link\"><\/a><\/p>\n<p><a href=\"https:\/\/show.kecb.ch\/wp-content\/uploads\/2024\/04\/Flyer-Besucher.pdf\" h-use-smooth-scroll=\"true\" class=\"image-link\">                    <\/a>\n                  <\/p>\n<\/div>\n<\/div>\n<\/div>\n<\/div>\n<\/div>\n<\/div>\n<\/div>\n<\/div>\n<\/div>\n<\/div>\t\t\t\t\t\t\t\t<\/div>\n\t\t\t\t<\/div>\n\t\t\t\t\t<\/div>\n\t\t\t\t<\/div>\n\t\t\t\t<\/div>\n\t\t","protected":false},"excerpt":{"rendered":"<p>Gesch\u00e4tzte Besucher Der Katzen- und Edelkatzenclub Bern ist wieder in Burgdorf in der Markthalle zu Gast. An unserer Internationalen Katzenausstellung vom 11.\/12. Oktober 2025 erwarten Sie Katzen verschiedenster Rassen. Sie haben schon eine Katze? Wunderbar! Eine Vielzahl von Verkaufsst\u00e4nden bieten Dies und Das f\u00fcr Ihren Liebling an. Vom kleinen Fellm\u00e4uschen bis zum grossen Kratzbaum finden [&hellip;]<\/p>\n","protected":false},"author":1,"featured_media":0,"parent":0,"menu_order":0,"comment_status":"closed","ping_status":"closed","template":"page-templates\/full-width-page.php","meta":{"_kadence_starter_templates_imported_post":false,"footnotes":""},"class_list":["post-473","page","type-page","status-publish","hentry"],"_links":{"self":[{"href":"https:\/\/show.kecb.ch\/index.php\/wp-json\/wp\/v2\/pages\/473","targetHints":{"allow":["GET"]}}],"collection":[{"href":"https:\/\/show.kecb.ch\/index.php\/wp-json\/wp\/v2\/pages"}],"about":[{"href":"https:\/\/show.kecb.ch\/index.php\/wp-json\/wp\/v2\/types\/page"}],"author":[{"embeddable":true,"href":"https:\/\/show.kecb.ch\/index.php\/wp-json\/wp\/v2\/users\/1"}],"replies":[{"embeddable":true,"href":"https:\/\/show.kecb.ch\/index.php\/wp-json\/wp\/v2\/comments?post=473"}],"version-history":[{"count":20,"href":"https:\/\/show.kecb.ch\/index.php\/wp-json\/wp\/v2\/pages\/473\/revisions"}],"predecessor-version":[{"id":2626,"href":"https:\/\/show.kecb.ch\/index.php\/wp-json\/wp\/v2\/pages\/473\/revisions\/2626"}],"wp:attachment":[{"href":"https:\/\/show.kecb.ch\/index.php\/wp-json\/wp\/v2\/media?parent=473"}],"curies":[{"name":"wp","href":"https:\/\/api.w.org\/{rel}","templated":true}]}}